{"id":123,"date":"2018-05-29T14:14:08","date_gmt":"2018-05-29T14:14:08","guid":{"rendered":"http:\/\/praxis-joachim-leonhardt.de\/?page_id=123"},"modified":"2023-03-14T11:14:18","modified_gmt":"2023-03-14T11:14:18","slug":"imressum","status":"publish","type":"page","link":"https:\/\/praxis-joachim-leonhardt.de\/?page_id=123","title":{"rendered":"Impressum"},"content":{"rendered":"<h1 class=\"western\"><span style=\"color: #339966;\">\u00a0<\/span><\/h1>\n<h2 class=\"western\"><span style=\"color: #339966;\">Angaben gem\u00e4\u00df \u00a7 5 TMG:<\/span><\/h2>\n<p><span style=\"color: #339966;\">Joachim Leonhardt<\/span><br \/>\n<span style=\"color: #339966;\">Heilpraktiker f\u00fcr Psychotherapie nach dem Heilpraktikergesetz<\/span><br \/>\n<span style=\"color: #339966;\">Turnerweg 6<\/span><br \/>\n<span style=\"color: #339966;\">73054 Eislingen<br \/>\nDatum der Erlaubniserteilung: 17.01.2018<br \/>\n<\/span><\/p>\n<h2 class=\"western\"><span style=\"color: #339966;\">Kontakt:<\/span><\/h2>\n<p><span style=\"color: #339966;\">Telefon: 07161\/8084314<\/span><br \/>\n<span style=\"color: #339966;\">E-Mail: psychotherapie@praxis-joachim-leonhardt.de<\/span><\/p>\n<h2 class=\"western\"><span style=\"color: #339966;\">Umsatzsteuer:<\/span><\/h2>\n<p><span style=\"color: #339966;\">Umsatzsteuer-Identifikationsnummer gem\u00e4\u00df \u00a727 a Umsatzsteuergesetz:<\/span><\/p>\n<h2 class=\"western\"><span style=\"color: #339966;\">Aufsichtsbeh\u00f6rde:<\/span><\/h2>\n<p><span style=\"color: #339966;\">Gesundheitsamt des Landkreises G\u00f6ppingen<\/span><br \/>\n<span style=\"color: #339966;\">Lorcherstr. 6, 73033 G\u00f6ppingen<\/span><\/p>\n<p><span style=\"color: #339966;\">https:\/\/www.landkreis-goeppingen.de\/,Lde\/start\/Landratsamt\/Gesundheitsamt.html<\/span><\/p>\n<h2 class=\"western\"><span style=\"color: #339966;\">Berufsbezeichnung und berufsrechtliche Regelungen<\/span><\/h2>\n<p><span style=\"color: #339966;\">Berufsbezeichnung: Heilpraktikerin f\u00fcr Psychotherapie<\/span><br \/>\n<span style=\"color: #339966;\">Gesetzliche Berufsbezeichnung: Heilpraktikerin f\u00fcr Psychotherapie (verliehen in der Bundesrepublik Deutschland, Landratsamt Heilbronn)<\/span><br \/>\n<span style=\"color: #339966;\">Es gelten folgende berufsrechtliche Regelungen: http:\/\/www.gesetze-im-internet.de\/heilprg\/index.html<\/span><br \/>\n<span style=\"color: #339966;\">Regelungen einsehbar unter:<\/span><br \/>\n<span style=\"color: #339966;\"><a style=\"color: #339966;\" href=\"http:\/\/www.gesetze-im-internet.de\/heilprg\/index.html\" target=\"_blank\" rel=\"noopener\">http:\/\/www.gesetze-im-internet.de\/heilprg\/index.html<\/a><\/span><br \/>\n<span style=\"color: #339966;\">http:\/\/www.gesetze-im-internet.de\/heilprgdv_1\/index.html<\/span><\/p>\n<p><span style=\"color: #339966;\">Berufsverband: Verband Freier Psychotherapeuten, Heilpraktiker f\u00fcr Psychotherapie und Psychologischer Berater e.V.<\/span><br \/>\n<span style=\"color: #339966;\">Berufsordnung: Nachzulesen im Internet unter https:\/\/www.vfp.de\/mitgliederbereich\/downloads.html<\/span><\/p>\n<h2 class=\"western\"><span style=\"color: #339966;\">Angaben zur Berufshaftpflichtversicherung<\/span><\/h2>\n<p><span style=\"color: #339966;\">Name und Sitz des Versicherers:<\/span><\/p>\n<h2 class=\"western\"><span style=\"color: #339966;\">Streitschlichtung<\/span><\/h2>\n<p><span style=\"color: #339966;\">Wir sind nicht bereit oder verpflichtet, an Streitbeilegungsverfahren vor einer Verbraucherschlichtungsstelle teilzunehmen.<\/span><\/p>\n<h3 class=\"western\"><span style=\"color: #339966;\">Haftung f\u00fcr Inhalte<\/span><\/h3>\n<p><span style=\"color: #339966;\">Als Diensteanbieter sind wir gem\u00e4\u00df \u00a7 7 Abs.1 TMG f\u00fcr eigene Inhalte auf diesen Seiten nach den allgemeinen Gesetzen verantwortlich. Nach \u00a7\u00a7 8 bis 10 TMG sind wir als Diensteanbieter jedoch nicht verpflichtet, \u00fcbermittelte oder gespeicherte fremde Informationen zu \u00fcberwachen oder nach Umst\u00e4nden zu forschen, die auf eine rechtswidrige T\u00e4tigkeit hinweisen.<\/span><\/p>\n<p><span style=\"color: #339966;\">Verpflichtungen zur Entfernung oder Sperrung der Nutzung von Informationen nach den allgemeinen Gesetzen bleiben hiervon unber\u00fchrt. Eine diesbez\u00fcgliche Haftung ist jedoch erst ab dem Zeitpunkt der Kenntnis einer konkreten Rechtsverletzung m\u00f6glich. Bei Bekanntwerden von entsprechenden Rechtsverletzungen werden wir diese Inhalte umgehend entfernen.<\/span><\/p>\n<h3 class=\"western\"><span style=\"color: #339966;\">Haftung f\u00fcr Links<\/span><\/h3>\n<p><span style=\"color: #339966;\">Unser Angebot enth\u00e4lt Links zu externen Websites Dritter, auf deren Inhalte wir keinen Einfluss haben. Deshalb k\u00f6nnen wir f\u00fcr diese fremden Inhalte auch keine Gew\u00e4hr \u00fcbernehmen. F\u00fcr die Inhalte der verlinkten Seiten ist stets der jeweilige Anbieter oder Betreiber der Seiten verantwortlich. Die verlinkten Seiten wurden zum Zeitpunkt der Verlinkung auf m\u00f6gliche Rechtsverst\u00f6\u00dfe \u00fcberpr\u00fcft. Rechtswidrige Inhalte waren zum Zeitpunkt der Verlinkung nicht erkennbar.<\/span><\/p>\n<p><span style=\"color: #339966;\">Eine permanente inhaltliche Kontrolle der verlinkten Seiten ist jedoch ohne konkrete Anhaltspunkte einer Rechtsverletzung nicht zumutbar. Bei Bekanntwerden von Rechtsverletzungen werden wir derartige Links umgehend entfernen.<\/span><\/p>\n<h3 class=\"western\"><span style=\"color: #339966;\">Urheberrecht<\/span><\/h3>\n<p><span style=\"color: #339966;\">Die durch die Seitenbetreiber erstellten Inhalte und Werke auf diesen Seiten unterliegen dem deutschen Urheberrecht. Die Vervielf\u00e4ltigung, Bearbeitung, Verbreitung und jede Art der Verwertung au\u00dferhalb der Grenzen des Urheberrechtes bed\u00fcrfen der schriftlichen Zustimmung des jeweiligen Autors bzw. Erstellers. Downloads und Kopien dieser Seite sind nur f\u00fcr den privaten, nicht kommerziellen Gebrauch gestattet.<\/span><\/p>\n<p><span style=\"color: #339966;\">Soweit die Inhalte auf dieser Seite nicht vom Betreiber erstellt wurden, werden die Urheberrechte Dritter beachtet. Insbesondere werden Inhalte Dritter als solche gekennzeichnet. Sollten Sie trotzdem auf eine Urheberrechtsverletzung aufmerksam werden, bitten wir um einen entsprechenden Hinweis. Bei Bekanntwerden von Rechtsverletzungen werden wir derartige Inhalte umgehend entfernen.<\/span><\/p>\n<h3 class=\"western\"><span style=\"color: #339966;\">Heilkundliche T\u00e4tigkeit ist von der Umsatzsteuer nach gem\u00e4\u00df \u00a7 4 Nr.14 UStG befreit.<\/span><\/h3>\n<p><span style=\"color: #339966;\">Gestaltung der Webseite und Fotografie: <a style=\"color: #339966;\" href=\"http:\/\/www.thomasblank.com\/\" target=\"_blank\" rel=\"noopener\">J<\/a>oachim Leonhardt<\/span><\/p>\n","protected":false},"excerpt":{"rendered":"<p>\u00a0 Angaben gem\u00e4\u00df \u00a7 5 TMG: Joachim Leonhardt Heilpraktiker f\u00fcr Psychotherapie nach dem Heilpraktikergesetz Turnerweg 6 73054 Eislingen Datum der Erlaubniserteilung: 17.01.2018 Kontakt: Telefon: 07161\/8084314 E-Mail: psychotherapie@praxis-joachim-leonhardt.de Umsatzsteuer: Umsatzsteuer-Identifikationsnummer gem\u00e4\u00df \u00a727 a Umsatzsteuergesetz: Aufsichtsbeh\u00f6rde: Gesundheitsamt des Landkreises G\u00f6ppingen Lorcherstr. 6, 73033 G\u00f6ppingen https:\/\/www.landkreis-goeppingen.de\/,Lde\/start\/Landratsamt\/Gesundheitsamt.html Berufsbezeichnung und berufsrechtliche Regelungen Berufsbezeichnung: Heilpraktikerin f\u00fcr Psychotherapie Gesetzliche Berufsbezeichnung: Heilpraktikerin f\u00fcr &hellip; <\/p>\n<p class=\"link-more\"><a href=\"https:\/\/praxis-joachim-leonhardt.de\/?page_id=123\" class=\"more-link\"><span class=\"screen-reader-text\">\u201eImpressum\u201c<\/span> weiterlesen<\/a><\/p>\n","protected":false},"author":1,"featured_media":0,"parent":0,"menu_order":0,"comment_status":"closed","ping_status":"closed","template":"","meta":[],"_links":{"self":[{"href":"https:\/\/praxis-joachim-leonhardt.de\/index.php?rest_route=\/wp\/v2\/pages\/123"}],"collection":[{"href":"https:\/\/praxis-joachim-leonhardt.de\/index.php?rest_route=\/wp\/v2\/pages"}],"about":[{"href":"https:\/\/praxis-joachim-leonhardt.de\/index.php?rest_route=\/wp\/v2\/types\/page"}],"author":[{"embeddable":true,"href":"https:\/\/praxis-joachim-leonhardt.de\/index.php?rest_route=\/wp\/v2\/users\/1"}],"replies":[{"embeddable":true,"href":"https:\/\/praxis-joachim-leonhardt.de\/index.php?rest_route=%2Fwp%2Fv2%2Fcomments&post=123"}],"version-history":[{"count":8,"href":"https:\/\/praxis-joachim-leonhardt.de\/index.php?rest_route=\/wp\/v2\/pages\/123\/revisions"}],"predecessor-version":[{"id":478,"href":"https:\/\/praxis-joachim-leonhardt.de\/index.php?rest_route=\/wp\/v2\/pages\/123\/revisions\/478"}],"wp:attachment":[{"href":"https:\/\/praxis-joachim-leonhardt.de\/index.php?rest_route=%2Fwp%2Fv2%2Fmedia&parent=123"}],"curies":[{"name":"wp","href":"https:\/\/api.w.org\/{rel}","templated":true}]}}