{"id":30,"date":"2018-04-23T19:51:56","date_gmt":"2018-04-23T19:51:56","guid":{"rendered":"http:\/\/praxis-joachim-leonhardt.de\/?page_id=30"},"modified":"2023-03-14T11:06:33","modified_gmt":"2023-03-14T11:06:33","slug":"startseite","status":"publish","type":"page","link":"https:\/\/praxis-joachim-leonhardt.de\/","title":{"rendered":"Herzlich Willkommen"},"content":{"rendered":"\n<figure class=\"wp-block-image size-medium is-resized\"><img loading=\"lazy\" src=\"http:\/\/praxis-joachim-leonhardt.de\/wp-content\/uploads\/2021\/02\/IMG_2844-300x200.jpg\" alt=\"\" class=\"wp-image-378\" width=\"515\" height=\"343\" srcset=\"https:\/\/praxis-joachim-leonhardt.de\/wp-content\/uploads\/2021\/02\/IMG_2844-300x200.jpg 300w, https:\/\/praxis-joachim-leonhardt.de\/wp-content\/uploads\/2021\/02\/IMG_2844-1024x683.jpg 1024w, https:\/\/praxis-joachim-leonhardt.de\/wp-content\/uploads\/2021\/02\/IMG_2844-768x512.jpg 768w, https:\/\/praxis-joachim-leonhardt.de\/wp-content\/uploads\/2021\/02\/IMG_2844-2048x1365.jpg 2048w\" sizes=\"(max-width: 515px) 100vw, 515px\" \/><\/figure>\n\n\n<p>\u00a0<\/p>\n<p><span style=\"color: #008080;\">Herzlich willkommen,<br \/><\/span><br \/><span style=\"color: #008080;\">sch\u00f6n, dass Sie meine Seite besuchen!<br \/>Nach wie vor arbeite ich nach den derzeit geltenden Vorschriften zur Bek\u00e4mpfung von Corona.<\/span><\/p>\n<p><span style=\"color: #008080;\">Leiden Sie an \u00c4ngsten, Zw\u00e4ngen, an Panikst\u00f6rungen oder Depressionen,<\/span><br \/><span style=\"color: #008080;\">an Anpassungsst\u00f6rungen, einer Posttraumatischen Belastungsst\u00f6rung oder befinden Sie sich in einer Lebenskrise?<\/span><\/p>\n<p><span style=\"color: #008080;\">Als Heilpraktiker f\u00fcr Psychotherapie nach dem Heilpraktikergesetz und EMDR-Traumatherapeut kann<br \/>ich Ihnen professionelle Hilfe anbieten!<\/span><\/p>\n<p><span style=\"color: #008080;\">Es w\u00fcrde mich freuen, wenn Sie mir Ihr Vertrauen schenken!<\/span><\/p>","protected":false},"excerpt":{"rendered":"<p>\u00a0 Herzlich willkommen,sch\u00f6n, dass Sie meine Seite besuchen!Nach wie vor arbeite ich nach den derzeit geltenden Vorschriften zur Bek\u00e4mpfung von Corona. Leiden Sie an \u00c4ngsten, Zw\u00e4ngen, an Panikst\u00f6rungen oder Depressionen,an Anpassungsst\u00f6rungen, einer Posttraumatischen Belastungsst\u00f6rung oder befinden Sie sich in einer Lebenskrise? Als Heilpraktiker f\u00fcr Psychotherapie nach dem Heilpraktikergesetz und EMDR-Traumatherapeut kannich Ihnen professionelle Hilfe anbieten! &hellip; <\/p>\n<p class=\"link-more\"><a href=\"https:\/\/praxis-joachim-leonhardt.de\/\" class=\"more-link\"><span class=\"screen-reader-text\">\u201eHerzlich Willkommen\u201c<\/span> weiterlesen<\/a><\/p>\n","protected":false},"author":1,"featured_media":0,"parent":0,"menu_order":0,"comment_status":"closed","ping_status":"closed","template":"","meta":[],"_links":{"self":[{"href":"https:\/\/praxis-joachim-leonhardt.de\/index.php?rest_route=\/wp\/v2\/pages\/30"}],"collection":[{"href":"https:\/\/praxis-joachim-leonhardt.de\/index.php?rest_route=\/wp\/v2\/pages"}],"about":[{"href":"https:\/\/praxis-joachim-leonhardt.de\/index.php?rest_route=\/wp\/v2\/types\/page"}],"author":[{"embeddable":true,"href":"https:\/\/praxis-joachim-leonhardt.de\/index.php?rest_route=\/wp\/v2\/users\/1"}],"replies":[{"embeddable":true,"href":"https:\/\/praxis-joachim-leonhardt.de\/index.php?rest_route=%2Fwp%2Fv2%2Fcomments&post=30"}],"version-history":[{"count":29,"href":"https:\/\/praxis-joachim-leonhardt.de\/index.php?rest_route=\/wp\/v2\/pages\/30\/revisions"}],"predecessor-version":[{"id":477,"href":"https:\/\/praxis-joachim-leonhardt.de\/index.php?rest_route=\/wp\/v2\/pages\/30\/revisions\/477"}],"wp:attachment":[{"href":"https:\/\/praxis-joachim-leonhardt.de\/index.php?rest_route=%2Fwp%2Fv2%2Fmedia&parent=30"}],"curies":[{"name":"wp","href":"https:\/\/api.w.org\/{rel}","templated":true}]}}