{"id":5,"date":"2018-04-23T19:47:54","date_gmt":"2018-04-23T19:47:54","guid":{"rendered":"http:\/\/praxis-joachim-leonhardt.de\/?page_id=5"},"modified":"2023-03-14T11:20:00","modified_gmt":"2023-03-14T11:20:00","slug":"behandlungsschwerpunkte","status":"publish","type":"page","link":"https:\/\/praxis-joachim-leonhardt.de\/?page_id=5","title":{"rendered":"Behandlungsschwerpunkte"},"content":{"rendered":"\n<figure class=\"wp-block-image size-large is-resized\"><img loading=\"lazy\" src=\"http:\/\/praxis-joachim-leonhardt.de\/wp-content\/uploads\/2021\/02\/IMG_2815.jpg\" alt=\"\" class=\"wp-image-382\" width=\"537\" height=\"357\"\/><\/figure>\n\n\n<p>\u00a0<\/p>\n<p><span style=\"color: #008080;\">Meine Behandlungsschwerpunkte sind u.a.:<\/span><\/p>\n<p><span style=\"color: #008080;\">&#8211;<\/span> <span style=\"color: #008080;\">PTBS (Posttraumatische Belastungsst\u00f6rung)<\/span><br \/><span style=\"color: #008080;\">&#8211; Anpassungsst\u00f6rungen, z.B. nach dem Verlust eines geliebten Mensch<br \/><\/span><span style=\"color: #008080;\">&#8211; Angst- und Panikst\u00f6rungen<\/span><br \/><span style=\"color: #008080;\">&#8211; Zwangsst\u00f6rungen<\/span><br \/><span style=\"color: #008080;\">&#8211; Depressionen<br \/>&#8211; Pr\u00fcfungsangst<br \/>&#8211; Psychosomatische St\u00f6rungen<\/span><\/p>\n<p><span style=\"color: #008080;\">Aber auch in anderen schwierigen Lebenssituationen kann ich Ihnen Hilfe<br \/>anbieten!<\/span><\/p>","protected":false},"excerpt":{"rendered":"<p>\u00a0 Meine Behandlungsschwerpunkte sind u.a.: &#8211; PTBS (Posttraumatische Belastungsst\u00f6rung)&#8211; Anpassungsst\u00f6rungen, z.B. nach dem Verlust eines geliebten Mensch&#8211; Angst- und Panikst\u00f6rungen&#8211; Zwangsst\u00f6rungen&#8211; Depressionen&#8211; Pr\u00fcfungsangst&#8211; Psychosomatische St\u00f6rungen Aber auch in anderen schwierigen Lebenssituationen kann ich Ihnen Hilfeanbieten!<\/p>\n","protected":false},"author":1,"featured_media":0,"parent":0,"menu_order":0,"comment_status":"closed","ping_status":"closed","template":"","meta":[],"_links":{"self":[{"href":"https:\/\/praxis-joachim-leonhardt.de\/index.php?rest_route=\/wp\/v2\/pages\/5"}],"collection":[{"href":"https:\/\/praxis-joachim-leonhardt.de\/index.php?rest_route=\/wp\/v2\/pages"}],"about":[{"href":"https:\/\/praxis-joachim-leonhardt.de\/index.php?rest_route=\/wp\/v2\/types\/page"}],"author":[{"embeddable":true,"href":"https:\/\/praxis-joachim-leonhardt.de\/index.php?rest_route=\/wp\/v2\/users\/1"}],"replies":[{"embeddable":true,"href":"https:\/\/praxis-joachim-leonhardt.de\/index.php?rest_route=%2Fwp%2Fv2%2Fcomments&post=5"}],"version-history":[{"count":26,"href":"https:\/\/praxis-joachim-leonhardt.de\/index.php?rest_route=\/wp\/v2\/pages\/5\/revisions"}],"predecessor-version":[{"id":482,"href":"https:\/\/praxis-joachim-leonhardt.de\/index.php?rest_route=\/wp\/v2\/pages\/5\/revisions\/482"}],"wp:attachment":[{"href":"https:\/\/praxis-joachim-leonhardt.de\/index.php?rest_route=%2Fwp%2Fv2%2Fmedia&parent=5"}],"curies":[{"name":"wp","href":"https:\/\/api.w.org\/{rel}","templated":true}]}}