{"id":6,"date":"2018-04-23T19:47:54","date_gmt":"2018-04-23T19:47:54","guid":{"rendered":"http:\/\/praxis-joachim-leonhardt.de\/?page_id=6"},"modified":"2025-06-16T13:46:18","modified_gmt":"2025-06-16T13:46:18","slug":"behandlungsmethoden","status":"publish","type":"page","link":"https:\/\/praxis-joachim-leonhardt.de\/?page_id=6","title":{"rendered":"Behandlungsmethoden"},"content":{"rendered":"\n<figure class=\"wp-block-image size-large is-resized\"><img loading=\"lazy\" src=\"http:\/\/praxis-joachim-leonhardt.de\/wp-content\/uploads\/2021\/02\/IMG_2844-1024x683.jpg\" alt=\"\" class=\"wp-image-378\" width=\"681\" height=\"453\" srcset=\"https:\/\/praxis-joachim-leonhardt.de\/wp-content\/uploads\/2021\/02\/IMG_2844-1024x683.jpg 1024w, https:\/\/praxis-joachim-leonhardt.de\/wp-content\/uploads\/2021\/02\/IMG_2844-300x200.jpg 300w, https:\/\/praxis-joachim-leonhardt.de\/wp-content\/uploads\/2021\/02\/IMG_2844-768x512.jpg 768w, https:\/\/praxis-joachim-leonhardt.de\/wp-content\/uploads\/2021\/02\/IMG_2844-2048x1365.jpg 2048w\" sizes=\"(max-width: 681px) 100vw, 681px\" \/><\/figure>\n\n\n<p>\u00a0<\/p>\n<p><span style=\"color: #008080;\"><span style=\"font-family: Arial, sans-serif;\"><span style=\"font-size: x-large;\"><b>EMDR <\/b><\/span><\/span><span style=\"font-family: Arial, sans-serif;\"><span style=\"font-size: medium;\"><b>(<\/b><\/span><\/span><span style=\"font-family: Arial, sans-serif;\"><span style=\"font-size: medium;\"><b>Eye Movement Desensitization and Reprocessing <\/b><\/span><\/span><span style=\"font-family: Arial, sans-serif;\"><span style=\"font-size: medium;\"><b>)<\/b><\/span><\/span><\/span><\/p>\n<p><span style=\"font-family: Arial, sans-serif; color: #008080;\"><span style=\"font-size: large;\"><span style=\"font-size: medium;\">EMDR steht f\u00fcr <\/span><span style=\"font-size: medium;\"><i><b>Eye Movement Desensitization and Reprocessing<\/b><\/i><\/span><span style=\"font-size: medium;\"><i>. <\/i>Es ist <\/span><span style=\"font-size: medium;\">ein\u00a0 psychotherapeutisches Verfahren, das seit Mitte der 90er Jahre sehr erfolgreich in der Trauma-Therapie eingesetzt wird. EMDR arbeitet mit bilateraler Stimulation, d.h. beide Gehirnh\u00e4lften werden prim\u00e4r \u00fcber Augenbewegungen, aber mittlerweile auch auditiv und taktil, stimuliert. Zudem wird der gesamte K\u00f6rper mit eingebunden.<\/span><\/span><\/span><\/p>\n<p>\u00a0<\/p>\n<h3 class=\"half-left\"><span style=\"color: #008080;\"><strong>Brainspotting<\/strong><\/span><\/h3>\n<p>\u00a0<\/p>\n<p><span style=\"color: #008080;\">Brainspotting ist ein neuer psychotherapeutischer Ansatz zur direkten Verarbeitung emotional belastender Erlebnisse. Diese Methode l\u00e4sst sich sehr gut mit EMDR verbinden, wurde sie doch im Rahmen einer EMDR-Sitzung von dem US-amerikanischen Psychoanalytiker David Grand \u201eentdeckt\u201c.\u00a0 Der erfahrene Psychotherapeut entdeckte 2003 w\u00e4hrend einer EMDR-Sitzung mit einer Klientin \u201ezuf\u00e4llig\u201c ein Ph\u00e4nomen, das er Brainspot nannte. Aus seinen weiteren Beobachtungen um dieses Ph\u00e4nomen entwickelte er ein komplettes Verfahren, Brainspotting, mit unz\u00e4hligen M\u00f6glichkeiten, das Gesichtsfeld von KlientInnen zu erkunden und zu nutzen, um Traumata freizusetzen und aufzul\u00f6sen.<br \/><\/span><span style=\"color: #008080;\">Brainspotting geh\u00f6rt zu den gehirnbasierten Therapien, die einen direkten Zugang zum Gehirn erm\u00f6glichen. Brainspotting baut auf einem Modell auf bei dem der Therapeut gleichzeitig auf den Klienten und dessen Gehirnprozess eingestimmt ist. Diese Feinabstimmungen sind miteinander verwoben, dadurch ist der Heilungsprozess st\u00e4rker und dauerhafter.<strong><br \/><\/strong><\/span><\/p>\n<h3><strong><span style=\"color: #008080;\">Walk and Talk<\/span><\/strong><\/h3>\n<p><span style=\"color: #008080;\">Die Walk &amp; Talk-Methode stellt eine Verbindung zwischen K\u00f6rper und Geist her und f\u00f6rdert das Wohlbefinden im k\u00f6rperlichen und seelischen Bereich. Durch die abwechselnde Links-Rechts-Bewegung der Beine und das gleichzeitige Schwingen der Arme wird beim Gehen die bilaterale Hirnstimulation zur Harmonisierung der beiden Gehirnh\u00e4lften und somit die Verarbeitung von Themen gef\u00f6rdert \u00a0(siehe\u00a0Traumata verarbeiten). Und nicht zuletzt unterst\u00fctzt Gehen im \u00dcbrigen auch die kognitive Leistung!<\/span><\/p>\n<p>\u00a0<\/p>\n<div class=\"half-right\"><span style=\"font-size: x-large; color: #008080;\"><b><span style=\"font-family: Arial, sans-serif;\">\u00a0<\/span><\/b><\/span><\/div>\n<div class=\"half-right\"><span style=\"font-size: x-large; color: #008080;\"><b><span style=\"font-family: Arial, sans-serif;\"><br \/><\/span><\/b><\/span>\n<p>\u00a0<\/p>\n<p><b>\u00a0<\/b><\/p>\n<p class=\"western\">\u00a0<\/p>\n<\/div>","protected":false},"excerpt":{"rendered":"<p>\u00a0 EMDR (Eye Movement Desensitization and Reprocessing ) EMDR steht f\u00fcr Eye Movement Desensitization and Reprocessing. Es ist ein\u00a0 psychotherapeutisches Verfahren, das seit Mitte der 90er Jahre sehr erfolgreich in der Trauma-Therapie eingesetzt wird. EMDR arbeitet mit bilateraler Stimulation, d.h. beide Gehirnh\u00e4lften werden prim\u00e4r \u00fcber Augenbewegungen, aber mittlerweile auch auditiv und taktil, stimuliert. Zudem wird &hellip; <\/p>\n<p class=\"link-more\"><a href=\"https:\/\/praxis-joachim-leonhardt.de\/?page_id=6\" class=\"more-link\"><span class=\"screen-reader-text\">\u201eBehandlungsmethoden\u201c<\/span> weiterlesen<\/a><\/p>\n","protected":false},"author":1,"featured_media":0,"parent":0,"menu_order":0,"comment_status":"closed","ping_status":"closed","template":"","meta":[],"_links":{"self":[{"href":"https:\/\/praxis-joachim-leonhardt.de\/index.php?rest_route=\/wp\/v2\/pages\/6"}],"collection":[{"href":"https:\/\/praxis-joachim-leonhardt.de\/index.php?rest_route=\/wp\/v2\/pages"}],"about":[{"href":"https:\/\/praxis-joachim-leonhardt.de\/index.php?rest_route=\/wp\/v2\/types\/page"}],"author":[{"embeddable":true,"href":"https:\/\/praxis-joachim-leonhardt.de\/index.php?rest_route=\/wp\/v2\/users\/1"}],"replies":[{"embeddable":true,"href":"https:\/\/praxis-joachim-leonhardt.de\/index.php?rest_route=%2Fwp%2Fv2%2Fcomments&post=6"}],"version-history":[{"count":86,"href":"https:\/\/praxis-joachim-leonhardt.de\/index.php?rest_route=\/wp\/v2\/pages\/6\/revisions"}],"predecessor-version":[{"id":484,"href":"https:\/\/praxis-joachim-leonhardt.de\/index.php?rest_route=\/wp\/v2\/pages\/6\/revisions\/484"}],"wp:attachment":[{"href":"https:\/\/praxis-joachim-leonhardt.de\/index.php?rest_route=%2Fwp%2Fv2%2Fmedia&parent=6"}],"curies":[{"name":"wp","href":"https:\/\/api.w.org\/{rel}","templated":true}]}}