{"id":7,"date":"2018-04-23T19:47:54","date_gmt":"2018-04-23T19:47:54","guid":{"rendered":"http:\/\/praxis-joachim-leonhardt.de\/?page_id=7"},"modified":"2023-03-14T11:15:17","modified_gmt":"2023-03-14T11:15:17","slug":"ueber-mich","status":"publish","type":"page","link":"https:\/\/praxis-joachim-leonhardt.de\/?page_id=7","title":{"rendered":"\u00dcber mich"},"content":{"rendered":"\n<figure class=\"wp-block-image size-medium is-resized is-style-default\"><img loading=\"lazy\" src=\"http:\/\/praxis-joachim-leonhardt.de\/wp-content\/uploads\/2019\/03\/8B5A9668-300x200.jpg\" alt=\"\" class=\"wp-image-315\" width=\"500\" height=\"333\" srcset=\"https:\/\/praxis-joachim-leonhardt.de\/wp-content\/uploads\/2019\/03\/8B5A9668-300x200.jpg 300w, https:\/\/praxis-joachim-leonhardt.de\/wp-content\/uploads\/2019\/03\/8B5A9668-768x512.jpg 768w, https:\/\/praxis-joachim-leonhardt.de\/wp-content\/uploads\/2019\/03\/8B5A9668-1024x683.jpg 1024w\" sizes=\"(max-width: 500px) 100vw, 500px\" \/><\/figure>\n\n\n<p>\u00a0<\/p>\n<p><span style=\"color: #008080;\">Joachim Leonhardt,<\/span><br \/><span style=\"color: #008080;\">geboren 1955 in G\u00f6ppingen, verheiratet, 2 erwachsene T\u00f6chter.<\/span><\/p>\n<p><span style=\"color: #008080;\">Ich bin staatlich gepr\u00fcfter Heilpraktiker f\u00fcr Psychotherapie nach dem Heilpraktikergesetz,<br \/><\/span><span style=\"color: #008080;\">zertifizierter EMDR-Therapeut, zertifizierter Trauma-Therapeut<br \/>nach VDH (Verband Deutscher Heilpraktiker) und DGMT (Deutsche<br \/>Gesellschaft f\u00fcr Mentales Training) und zertifizierter Brainspotting-Therapeut nach David Grand.<\/span><\/p>\n<p><span style=\"color: #008080;\">Zudem<\/span><span style=\"color: #008080;\"> bin ich Gr\u00fcndungsmitglied der Deutschen EMDR-Gesellschaft e.V. <\/span><span style=\"color: #008080;\">und Mitglied im Verband Freier Psychotherapeuten, <\/span><span style=\"color: #008080;\">Heilpraktiker f\u00fcr Psychotherapie und Psychologischer Berater e.V.<\/span><\/p>\n<p><span style=\"color: #008080;\">\u00a0\u00a0\u00a0\u00a0<\/span><\/p>","protected":false},"excerpt":{"rendered":"<p>\u00a0 Joachim Leonhardt,geboren 1955 in G\u00f6ppingen, verheiratet, 2 erwachsene T\u00f6chter. Ich bin staatlich gepr\u00fcfter Heilpraktiker f\u00fcr Psychotherapie nach dem Heilpraktikergesetz,zertifizierter EMDR-Therapeut, zertifizierter Trauma-Therapeutnach VDH (Verband Deutscher Heilpraktiker) und DGMT (DeutscheGesellschaft f\u00fcr Mentales Training) und zertifizierter Brainspotting-Therapeut nach David Grand. Zudem bin ich Gr\u00fcndungsmitglied der Deutschen EMDR-Gesellschaft e.V. und Mitglied im Verband Freier Psychotherapeuten, Heilpraktiker f\u00fcr &hellip; <\/p>\n<p class=\"link-more\"><a href=\"https:\/\/praxis-joachim-leonhardt.de\/?page_id=7\" class=\"more-link\"><span class=\"screen-reader-text\">\u201e\u00dcber mich\u201c<\/span> weiterlesen<\/a><\/p>\n","protected":false},"author":1,"featured_media":0,"parent":0,"menu_order":0,"comment_status":"closed","ping_status":"closed","template":"","meta":[],"_links":{"self":[{"href":"https:\/\/praxis-joachim-leonhardt.de\/index.php?rest_route=\/wp\/v2\/pages\/7"}],"collection":[{"href":"https:\/\/praxis-joachim-leonhardt.de\/index.php?rest_route=\/wp\/v2\/pages"}],"about":[{"href":"https:\/\/praxis-joachim-leonhardt.de\/index.php?rest_route=\/wp\/v2\/types\/page"}],"author":[{"embeddable":true,"href":"https:\/\/praxis-joachim-leonhardt.de\/index.php?rest_route=\/wp\/v2\/users\/1"}],"replies":[{"embeddable":true,"href":"https:\/\/praxis-joachim-leonhardt.de\/index.php?rest_route=%2Fwp%2Fv2%2Fcomments&post=7"}],"version-history":[{"count":58,"href":"https:\/\/praxis-joachim-leonhardt.de\/index.php?rest_route=\/wp\/v2\/pages\/7\/revisions"}],"predecessor-version":[{"id":479,"href":"https:\/\/praxis-joachim-leonhardt.de\/index.php?rest_route=\/wp\/v2\/pages\/7\/revisions\/479"}],"wp:attachment":[{"href":"https:\/\/praxis-joachim-leonhardt.de\/index.php?rest_route=%2Fwp%2Fv2%2Fmedia&parent=7"}],"curies":[{"name":"wp","href":"https:\/\/api.w.org\/{rel}","templated":true}]}}