{"id":8,"date":"2018-04-23T19:47:54","date_gmt":"2018-04-23T19:47:54","guid":{"rendered":"http:\/\/praxis-joachim-leonhardt.de\/?page_id=8"},"modified":"2023-03-14T11:17:30","modified_gmt":"2023-03-14T11:17:30","slug":"sprechzeiten","status":"publish","type":"page","link":"https:\/\/praxis-joachim-leonhardt.de\/?page_id=8","title":{"rendered":"Sprechzeiten"},"content":{"rendered":"<p><img loading=\"lazy\" class=\"aligncenter wp-image-154 size-large\" src=\"http:\/\/praxis-joachim-leonhardt.de\/wp-content\/uploads\/2018\/07\/IMG_2271-1024x683.jpg\" alt=\"\" width=\"525\" height=\"350\" \/><\/p>\n<p><span style=\"color: #008080;\">Montag bis Freitag von 08.00 Uhr bis 19.00 Uhr.<\/span><br \/>\n<span style=\"color: #008080;\">Termine nach Vereinbarung.<\/span><br \/>\n<span style=\"color: #008080;\">F\u00fcr Notf\u00e4lle werden wir auch au\u00dferhalb der Sprechzeiten eine L\u00f6sung finden!<\/span><\/p>\n","protected":false},"excerpt":{"rendered":"<p>Montag bis Freitag von 08.00 Uhr bis 19.00 Uhr. Termine nach Vereinbarung. F\u00fcr Notf\u00e4lle werden wir auch au\u00dferhalb der Sprechzeiten eine L\u00f6sung finden!<\/p>\n","protected":false},"author":1,"featured_media":0,"parent":0,"menu_order":0,"comment_status":"closed","ping_status":"closed","template":"","meta":[],"_links":{"self":[{"href":"https:\/\/praxis-joachim-leonhardt.de\/index.php?rest_route=\/wp\/v2\/pages\/8"}],"collection":[{"href":"https:\/\/praxis-joachim-leonhardt.de\/index.php?rest_route=\/wp\/v2\/pages"}],"about":[{"href":"https:\/\/praxis-joachim-leonhardt.de\/index.php?rest_route=\/wp\/v2\/types\/page"}],"author":[{"embeddable":true,"href":"https:\/\/praxis-joachim-leonhardt.de\/index.php?rest_route=\/wp\/v2\/users\/1"}],"replies":[{"embeddable":true,"href":"https:\/\/praxis-joachim-leonhardt.de\/index.php?rest_route=%2Fwp%2Fv2%2Fcomments&post=8"}],"version-history":[{"count":19,"href":"https:\/\/praxis-joachim-leonhardt.de\/index.php?rest_route=\/wp\/v2\/pages\/8\/revisions"}],"predecessor-version":[{"id":480,"href":"https:\/\/praxis-joachim-leonhardt.de\/index.php?rest_route=\/wp\/v2\/pages\/8\/revisions\/480"}],"wp:attachment":[{"href":"https:\/\/praxis-joachim-leonhardt.de\/index.php?rest_route=%2Fwp%2Fv2%2Fmedia&parent=8"}],"curies":[{"name":"wp","href":"https:\/\/api.w.org\/{rel}","templated":true}]}}